{"id":63,"date":"2022-03-09T13:57:02","date_gmt":"2022-03-09T13:57:02","guid":{"rendered":"https:\/\/glomeco.es\/casadelsmestres\/?page_id=63"},"modified":"2022-10-21T10:43:05","modified_gmt":"2022-10-21T10:43:05","slug":"casa-del-mestres-casa-rural-en-ares-del-bosque","status":"publish","type":"page","link":"https:\/\/glomeco.es\/casadelsmestres\/","title":{"rendered":"Casa del Mestres &#8211; Casa Rural en Ares del Bosque"},"content":{"rendered":"<p>[et_pb_section fb_built=\u00bb1&#8243; fullwidth=\u00bbon\u00bb _builder_version=\u00bb4.16&#8243; _module_preset=\u00bbdefault\u00bb collapsed=\u00bboff\u00bb global_colors_info=\u00bb{}\u00bb][et_pb_fullwidth_header title=\u00bbCasa Rural Casa dels Mestres\u00bb subhead=\u00bbDisfruta de la naturaleza en Ares del Bosque\u00bb text_orientation=\u00bbcenter\u00bb header_fullscreen=\u00bbon\u00bb header_scroll_down=\u00bbon\u00bb scroll_down_icon=\u00bb%%7%%\u00bb button_one_text=\u00bbReservar ahora\u00bb button_one_url=\u00bb@ET-DC@eyJkeW5hbWljIjp0cnVlLCJjb250ZW50IjoicG9zdF9saW5rX3VybF9wYWdlIiwic2V0dGluZ3MiOnsicG9zdF9pZCI6IjE5NSJ9fQ==@\u00bb _builder_version=\u00bb4.18.0&#8243; _dynamic_attributes=\u00bbbutton_one_url\u00bb _module_preset=\u00bbdefault\u00bb title_font=\u00bbMontserrat|600|||||||\u00bb title_text_align=\u00bbcenter\u00bb title_text_color=\u00bb#FFFFFF\u00bb title_font_size=\u00bb43px\u00bb subhead_font_size=\u00bb27px\u00bb background_enable_color=\u00bboff\u00bb background_image=\u00bbhttps:\/\/glomeco.es\/casadelsmestres\/wp-content\/uploads\/2022\/10\/lavadero-nieve-scaled.jpg\u00bb custom_button_one=\u00bbon\u00bb button_one_text_color=\u00bb#FFFFFF\u00bb button_one_bg_color=\u00bb#db1e57&#8243; button_one_border_color=\u00bb#db1e57&#8243; button_one_font=\u00bb|||on|||||\u00bb button_one_use_icon=\u00bboff\u00bb global_colors_info=\u00bb{}\u00bb][\/et_pb_fullwidth_header][\/et_pb_section][et_pb_section fb_built=\u00bb1&#8243; _builder_version=\u00bb4.16&#8243; _module_preset=\u00bbdefault\u00bb collapsed=\u00bboff\u00bb global_colors_info=\u00bb{}\u00bb][et_pb_row column_structure=\u00bb2_5,3_5&#8243; _builder_version=\u00bb4.16&#8243; _module_preset=\u00bbdefault\u00bb global_colors_info=\u00bb{}\u00bb][et_pb_column type=\u00bb2_5&#8243; _builder_version=\u00bb4.16&#8243; _module_preset=\u00bbdefault\u00bb global_colors_info=\u00bb{}\u00bb][et_pb_image title_text=\u00bbIMG_0401&#8243; _builder_version=\u00bb4.18.0&#8243; _module_preset=\u00bbdefault\u00bb hover_enabled=\u00bb0&#8243; border_radii=\u00bbon|8px|8px|8px|8px\u00bb global_colors_info=\u00bb{}\u00bb src=\u00bbhttps:\/\/glomeco.es\/casadelsmestres\/wp-content\/uploads\/2022\/10\/IMG_0401-1-scaled.jpg\u00bb sticky_enabled=\u00bb0&#8243;][\/et_pb_image][\/et_pb_column][et_pb_column type=\u00bb3_5&#8243; _builder_version=\u00bb4.16&#8243; _module_preset=\u00bbdefault\u00bb global_colors_info=\u00bb{}\u00bb][et_pb_text _builder_version=\u00bb4.16&#8243; _module_preset=\u00bbdefault\u00bb global_colors_info=\u00bb{}\u00bb]<\/p>\n<h3><strong>Casa dels Mestres<\/strong><\/h3>\n<\/p>\n<p><strong>Casa dels Mestres<\/strong> es una casa rural recientemente reformada al 100%, todo nuevo, terminada en Junio de 2017.<\/p>\n<p>Se llama <strong>Casa dels Mestres<\/strong> porque en esa casa era donde viv\u00edan los maestros de <strong>Ares del bosque<\/strong>, cuentan la gente m\u00e1s mayor de Ares que los d\u00edas de mucha lluvia y cuando el estado de las calles eran muy malas, all\u00ed mismo era donde se daban las clases, con lo que en esta casa se cumpl\u00eda una doble funci\u00f3n, casa y aula de colegio algunas veces.<\/p>\n<p>[\/et_pb_text][\/et_pb_column][\/et_pb_row][\/et_pb_section][et_pb_section fb_built=\u00bb1&#8243; _builder_version=\u00bb4.16&#8243; _module_preset=\u00bbdefault\u00bb background_color=\u00bb#ededed\u00bb collapsed=\u00bbon\u00bb global_colors_info=\u00bb{}\u00bb][et_pb_row _builder_version=\u00bb4.16&#8243; _module_preset=\u00bbdefault\u00bb collapsed=\u00bboff\u00bb global_colors_info=\u00bb{}\u00bb][et_pb_column type=\u00bb4_4&#8243; _builder_version=\u00bb4.16&#8243; _module_preset=\u00bbdefault\u00bb global_colors_info=\u00bb{}\u00bb][et_pb_text _builder_version=\u00bb4.16&#8243; _module_preset=\u00bbdefault\u00bb global_colors_info=\u00bb{}\u00bb]<\/p>\n<h3 style=\"text-align: center;\"><strong>La casa cuenta con 3 plantas:<\/strong><\/h3>\n<p>[\/et_pb_text][\/et_pb_column][\/et_pb_row][et_pb_row column_structure=\u00bb1_3,1_3,1_3&#8243; make_equal=\u00bbon\u00bb _builder_version=\u00bb4.16&#8243; _module_preset=\u00bbdefault\u00bb global_colors_info=\u00bb{}\u00bb][et_pb_column type=\u00bb1_3&#8243; _builder_version=\u00bb4.16&#8243; _module_preset=\u00bbdefault\u00bb global_colors_info=\u00bb{}\u00bb][et_pb_blurb title=\u00bbPrimera planta\u00bb image=\u00bbhttps:\/\/glomeco.es\/casadelsmestres\/wp-content\/uploads\/2022\/03\/p1.jpg\u00bb admin_label=\u00bbPrimera planta\u00bb _builder_version=\u00bb4.16&#8243; _module_preset=\u00bbdefault\u00bb header_font=\u00bb|||on|||||\u00bb header_text_align=\u00bbcenter\u00bb animation=\u00bboff\u00bb border_radii_image=\u00bbon|6px|6px|6px|6px\u00bb global_colors_info=\u00bb{}\u00bb]<\/p>\n<p>En la primera planta encontramos el sal\u00f3n con estufa de le\u00f1a y la cocina, todo abierto y muy c\u00f3modo.<\/p>\n<p>[\/et_pb_blurb][\/et_pb_column][et_pb_column type=\u00bb1_3&#8243; _builder_version=\u00bb4.16&#8243; _module_preset=\u00bbdefault\u00bb global_colors_info=\u00bb{}\u00bb][et_pb_blurb title=\u00bbSegunda planta\u00bb image=\u00bbhttps:\/\/glomeco.es\/casadelsmestres\/wp-content\/uploads\/2022\/03\/p2.jpg\u00bb admin_label=\u00bbSegunda planta\u00bb _builder_version=\u00bb4.16&#8243; _module_preset=\u00bbdefault\u00bb header_font=\u00bb|||on|||||\u00bb header_text_align=\u00bbcenter\u00bb animation=\u00bboff\u00bb border_radii_image=\u00bbon|6px|6px|6px|6px\u00bb global_colors_info=\u00bb{}\u00bb]En la segunda planta tenemos 2 dormitorios grandes,1 de ellos con sof\u00e1 cama y balconada. [\/et_pb_blurb][\/et_pb_column][et_pb_column type=\u00bb1_3&#8243; _builder_version=\u00bb4.16&#8243; _module_preset=\u00bbdefault\u00bb global_colors_info=\u00bb{}\u00bb][et_pb_blurb title=\u00bbTercera planta\u00bb image=\u00bbhttps:\/\/glomeco.es\/casadelsmestres\/wp-content\/uploads\/2022\/03\/p3.jpg\u00bb admin_label=\u00bbPrimera planta\u00bb _builder_version=\u00bb4.16&#8243; _module_preset=\u00bbdefault\u00bb header_font=\u00bb|||on|||||\u00bb header_text_align=\u00bbcenter\u00bb animation=\u00bboff\u00bb border_radii_image=\u00bbon|6px|6px|6px|6px\u00bb global_colors_info=\u00bb{}\u00bb]Finalmente en la tercera planta tenemos dos dormitorios y una terraza cubierta, con barbacoa y vistas a la sierra Aitana.[\/et_pb_blurb][\/et_pb_column][\/et_pb_row][\/et_pb_section][et_pb_section fb_built=\u00bb1&#8243; fullwidth=\u00bbon\u00bb _builder_version=\u00bb4.16&#8243; _module_preset=\u00bbdefault\u00bb global_colors_info=\u00bb{}\u00bb][et_pb_fullwidth_code _builder_version=\u00bb4.16&#8243; _module_preset=\u00bbdefault\u00bb global_colors_info=\u00bb{}\u00bb]<iframe src=\"https:\/\/www.google.com\/maps\/embed?pb=!1m18!1m12!1m3!1d1133.3536734553772!2d-0.3274581464722102!3d38.686787367965245!2m3!1f0!2f0!3f0!3m2!1i1024!2i768!4f13.1!3m3!1m2!1s0xd618ae4d7aaaaab%3A0x7d0ee32efb2e118f!2sCasa%20dels%20mestres!5e0!3m2!1ses!2ses!4v1646835034863!5m2!1ses!2ses\" width=\"100%\" height=\"450\" style=\"border:0;\" allowfullscreen=\"\" loading=\"lazy\"><\/iframe>[\/et_pb_fullwidth_code][\/et_pb_section][et_pb_section fb_built=\u00bb1&#8243; _builder_version=\u00bb4.18.0&#8243; _module_preset=\u00bbdefault\u00bb global_colors_info=\u00bb{}\u00bb][et_pb_row _builder_version=\u00bb4.18.0&#8243; _module_preset=\u00bbdefault\u00bb global_colors_info=\u00bb{}\u00bb][et_pb_column type=\u00bb4_4&#8243; _builder_version=\u00bb4.18.0&#8243; _module_preset=\u00bbdefault\u00bb global_colors_info=\u00bb{}\u00bb][et_pb_image src=\u00bbhttps:\/\/glomeco.es\/casadelsmestres\/wp-content\/uploads\/2022\/10\/IMG_0401-scaled.jpg\u00bb _builder_version=\u00bb4.18.0&#8243; _module_preset=\u00bbdefault\u00bb global_colors_info=\u00bb{}\u00bb][\/et_pb_image][\/et_pb_column][\/et_pb_row][\/et_pb_section]<\/p>\n","protected":false},"excerpt":{"rendered":"<p>Casa dels Mestres Casa dels Mestres es una casa rural recientemente reformada al 100%, todo nuevo, terminada en Junio de 2017. Se llama Casa dels Mestres porque en esa casa era donde viv\u00edan los maestros de Ares del bosque, cuentan la gente m\u00e1s mayor de Ares que los d\u00edas de mucha lluvia y cuando el [&hellip;]<\/p>\n","protected":false},"author":1,"featured_media":0,"parent":0,"menu_order":0,"comment_status":"closed","ping_status":"closed","template":"","meta":{"_et_pb_use_builder":"on","_et_pb_old_content":"","_et_gb_content_width":"","footnotes":""},"class_list":["post-63","page","type-page","status-publish","hentry"],"_links":{"self":[{"href":"https:\/\/glomeco.es\/casadelsmestres\/wp-json\/wp\/v2\/pages\/63","targetHints":{"allow":["GET"]}}],"collection":[{"href":"https:\/\/glomeco.es\/casadelsmestres\/wp-json\/wp\/v2\/pages"}],"about":[{"href":"https:\/\/glomeco.es\/casadelsmestres\/wp-json\/wp\/v2\/types\/page"}],"author":[{"embeddable":true,"href":"https:\/\/glomeco.es\/casadelsmestres\/wp-json\/wp\/v2\/users\/1"}],"replies":[{"embeddable":true,"href":"https:\/\/glomeco.es\/casadelsmestres\/wp-json\/wp\/v2\/comments?post=63"}],"version-history":[{"count":21,"href":"https:\/\/glomeco.es\/casadelsmestres\/wp-json\/wp\/v2\/pages\/63\/revisions"}],"predecessor-version":[{"id":374,"href":"https:\/\/glomeco.es\/casadelsmestres\/wp-json\/wp\/v2\/pages\/63\/revisions\/374"}],"wp:attachment":[{"href":"https:\/\/glomeco.es\/casadelsmestres\/wp-json\/wp\/v2\/media?parent=63"}],"curies":[{"name":"wp","href":"https:\/\/api.w.org\/{rel}","templated":true}]}}