{"id":250,"date":"2022-03-10T07:18:48","date_gmt":"2022-03-10T07:18:48","guid":{"rendered":"https:\/\/glomeco.es\/casadelsmestres\/?page_id=250"},"modified":"2022-03-10T07:18:51","modified_gmt":"2022-03-10T07:18:51","slug":"parque-natural-font-roja","status":"publish","type":"page","link":"https:\/\/glomeco.es\/casadelsmestres\/parque-natural-font-roja\/","title":{"rendered":"Parque Natural Font Roja"},"content":{"rendered":"<p>[et_pb_section fb_built=\u00bb1&#8243; _builder_version=\u00bb4.14.8&#8243; _module_preset=\u00bbdefault\u00bb global_colors_info=\u00bb{}\u00bb theme_builder_area=\u00bbpost_content\u00bb][et_pb_row _builder_version=\u00bb4.14.8&#8243; _module_preset=\u00bbdefault\u00bb global_colors_info=\u00bb{}\u00bb theme_builder_area=\u00bbpost_content\u00bb][et_pb_column type=\u00bb4_4&#8243; _builder_version=\u00bb4.14.8&#8243; _module_preset=\u00bbdefault\u00bb global_colors_info=\u00bb{}\u00bb theme_builder_area=\u00bbpost_content\u00bb][et_pb_image src=\u00bbhttps:\/\/glomeco.es\/casadelsmestres\/wp-content\/uploads\/2022\/03\/parque-fonmt-roja.jpg\u00bb title_text=\u00bbparque-fonmt-roja\u00bb align=\u00bbcenter\u00bb force_fullwidth=\u00bbon\u00bb _builder_version=\u00bb4.14.8&#8243; _module_preset=\u00bbdefault\u00bb hover_enabled=\u00bb0&#8243; global_colors_info=\u00bb{}\u00bb theme_builder_area=\u00bbpost_content\u00bb sticky_enabled=\u00bb0&#8243;][\/et_pb_image][et_pb_text _builder_version=\u00bb4.14.8&#8243; _module_preset=\u00bbdefault\u00bb hover_enabled=\u00bb0&#8243; global_colors_info=\u00bb{}\u00bb theme_builder_area=\u00bbpost_content\u00bb sticky_enabled=\u00bb0&#8243;]<\/p>\n<p>El Centro Font Roja Natura y el Santuario se encuentran a 11 km del casco urbano de Alcoy.<\/p>\n<p>En este Parque todav\u00eda se pueden observar las huellas de actividades que el hombre desarroll\u00f3 aprovechando los recursos naturales; las carboneras para la producci\u00f3n de carb\u00f3n vegetal; los antiguos hornos de cal; la explotaci\u00f3n de las tierras cultivadas sobre las faldas de la monta\u00f1a; las Mas\u00edas, construcciones que cumpl\u00edan con las funciones de vivienda, establo y corral y por \u00faltimo las cavas o pozos de nieve, que serv\u00edan de abastecimiento de hielo a los municipios vecinos como elemento gastron\u00f3mico o m\u00e9dico.<\/p>\n<p>Al tratarse de un \u00e1rea protegida, no se puede circular en bicicleta. Las rutas est\u00e1n bien se\u00f1alizadas y est\u00e1 prohibido salirse de los caminos. Existe un \u00e1rea recreativa de \u00abpic-nic\u00bb. Se puede acampar, solicitando el correspondiente permiso en el Espai Jove de Alcoy (965 53 71 41).En la zona del Santuario se encuentra el Restaurante Font Roja (965 33 10 34)<\/p>\n<p><strong>RUTA A REALIZAR<\/strong><\/p>\n<p>La cima m\u00e1s alta de Alicante, la Aitana, con sus 1.558 metros de altitud, aunque vamos a coronar los 1.549 m. ya que el punto geod\u00e9sico lo ocupa la base militar. <br \/>LLegamos hasta el pueblo de Benifat\u00f3 y all\u00ed cogemos el desv\u00edo a la izquierda que nos llevar\u00e1 a 4Km. hasta el area recreativa de la Font de Partag\u00e1s, donde dejaremos el coche para iniciar la ruta por un sendero bien se\u00f1alizado. <br \/>Subiremos en direcci\u00f3n al Passet de la Rabosa, ascendiendo sin dificultad hasta llegar , primero a la font de la Noguera, y a 2,5Km. del inicio, a la font de la Forata, bonita fuente en cascada donde tomaremos el desv\u00edo a la izquierda para subir por el estrecho y pedregoso paso de la Rabosa, de gran belleza y que no entra\u00f1a excesiva dificultad, pues est\u00e1 perfectamente se\u00f1alizado. <br \/>Tras atravesar el paso llegaremos hasta la parte superior de la sierra, donde contemplaremos el bonito espect\u00e1culo de las simas del Partagat. Subimos por la senda que va hacia la derecha en direcci\u00f3n a la base militar y en pocos minutos llegaremos al punto m\u00e1s alto accesible para los civiles, indicado por un gran hito de piedras. Nos hallamos en el punto m\u00e1s alto de la provincia de Alicante y las vistas son fant\u00e1sticas, a pesar de lo nublado que ha salido el d\u00eda. Nos acercamos hasta la valla de la base militar para contemplar de cerca la enorme esfera radar que hemos divisado en d\u00edas anteriores desde todas las cimas ascendidas, y regresamos de nuevo hasta las simas para contiNuar por el camino que trancurre por el borde de la sierra hasta llegar al cruce de caminos que nos llevar\u00e1 de regreso hasta nuestro veh\u00edculo. De all\u00ed, iremos a comer a Castell de Guadalest, uno de los pueblos m\u00e1s bonitos de Alicante. <br \/>Pese a la altitud coronada, la ruta ha sido la menos exigente y, tambi\u00e9n, la menos atractiva de nuestra aventura por \u00e9sta provincia, pese a disfrutar de todas y cada una de ellas en mayor o menor medida, lo que nos insta a completar cimas que hemos dejado en el tintero para a\u00f1os venideros. Ha sido un verdadero hayazgo descubrir la enorme belleza de las monta\u00f1as de \u00e9sta zona, visitada innumerables veces desde otra perspectiva m\u00e1s tur\u00edstica.<\/p>\n<p>[\/et_pb_text][\/et_pb_column][\/et_pb_row][\/et_pb_section]<\/p>\n","protected":false},"excerpt":{"rendered":"<p>El Centro Font Roja Natura y el Santuario se encuentran a 11 km del casco urbano de Alcoy. En este Parque todav\u00eda se pueden observar las huellas de actividades que el hombre desarroll\u00f3 aprovechando los recursos naturales; las carboneras para la producci\u00f3n de carb\u00f3n vegetal; los antiguos hornos de cal; la explotaci\u00f3n de las tierras [&hellip;]<\/p>\n","protected":false},"author":1,"featured_media":0,"parent":0,"menu_order":0,"comment_status":"closed","ping_status":"closed","template":"","meta":{"_et_pb_use_builder":"on","_et_pb_old_content":"","_et_gb_content_width":"","footnotes":""},"class_list":["post-250","page","type-page","status-publish","hentry"],"_links":{"self":[{"href":"https:\/\/glomeco.es\/casadelsmestres\/wp-json\/wp\/v2\/pages\/250","targetHints":{"allow":["GET"]}}],"collection":[{"href":"https:\/\/glomeco.es\/casadelsmestres\/wp-json\/wp\/v2\/pages"}],"about":[{"href":"https:\/\/glomeco.es\/casadelsmestres\/wp-json\/wp\/v2\/types\/page"}],"author":[{"embeddable":true,"href":"https:\/\/glomeco.es\/casadelsmestres\/wp-json\/wp\/v2\/users\/1"}],"replies":[{"embeddable":true,"href":"https:\/\/glomeco.es\/casadelsmestres\/wp-json\/wp\/v2\/comments?post=250"}],"version-history":[{"count":2,"href":"https:\/\/glomeco.es\/casadelsmestres\/wp-json\/wp\/v2\/pages\/250\/revisions"}],"predecessor-version":[{"id":254,"href":"https:\/\/glomeco.es\/casadelsmestres\/wp-json\/wp\/v2\/pages\/250\/revisions\/254"}],"wp:attachment":[{"href":"https:\/\/glomeco.es\/casadelsmestres\/wp-json\/wp\/v2\/media?parent=250"}],"curies":[{"name":"wp","href":"https:\/\/api.w.org\/{rel}","templated":true}]}}