{"id":242,"date":"2022-03-10T07:13:34","date_gmt":"2022-03-10T07:13:34","guid":{"rendered":"https:\/\/glomeco.es\/casadelsmestres\/?page_id=242"},"modified":"2022-03-10T07:14:07","modified_gmt":"2022-03-10T07:14:07","slug":"el-jardin-de-los-santos-penaguila","status":"publish","type":"page","link":"https:\/\/glomeco.es\/casadelsmestres\/el-jardin-de-los-santos-penaguila\/","title":{"rendered":"El jard\u00edn de los santos ( Pen\u00e1guila)"},"content":{"rendered":"<p>[et_pb_section fb_built=\u00bb1&#8243; _builder_version=\u00bb4.14.8&#8243; _module_preset=\u00bbdefault\u00bb global_colors_info=\u00bb{}\u00bb][et_pb_row _builder_version=\u00bb4.14.8&#8243; _module_preset=\u00bbdefault\u00bb global_colors_info=\u00bb{}\u00bb][et_pb_column type=\u00bb4_4&#8243; _builder_version=\u00bb4.14.8&#8243; _module_preset=\u00bbdefault\u00bb global_colors_info=\u00bb{}\u00bb][et_pb_image src=\u00bbhttps:\/\/glomeco.es\/casadelsmestres\/wp-content\/uploads\/2022\/03\/jardin-de-los-santos.jpg\u00bb title_text=\u00bbjardin-de-los-santos\u00bb align=\u00bbcenter\u00bb force_fullwidth=\u00bbon\u00bb _builder_version=\u00bb4.14.8&#8243; _module_preset=\u00bbdefault\u00bb hover_enabled=\u00bb0&#8243; global_colors_info=\u00bb{}\u00bb sticky_enabled=\u00bb0&#8243;][\/et_pb_image][et_pb_text _builder_version=\u00bb4.14.8&#8243; _module_preset=\u00bbdefault\u00bb hover_enabled=\u00bb0&#8243; global_colors_info=\u00bb{}\u00bb sticky_enabled=\u00bb0&#8243;]<\/p>\n<p>No se conocen detalles hist\u00f3ricos concretos de la historia del jard\u00edn, que fue hecho durante la segunda mitad del siglo XIX por Joaquim Rico (terrateniente del pueblo y hombre culto, con grandes conocimientos bot\u00e1nicos y amigo del pintor Cabrera) en una finca r\u00fastica que pose\u00eda esta familia ya desde finales del siglo XVIII, finca que recibe el nombre de Santos.<\/p>\n<p>El Jard\u00edn de Santos, municipal desde 1987, junto al camino de cipreses que lleva del pueblo al paraje, constituye el sitio m\u00e1s ins\u00f3lito que se pueda esperar encontrarse en medio de la monta\u00f1a. Se trata de un precioso jard\u00edn bot\u00e1nico con especies valiosas como tejos, cedros del L\u00edbano, pinos pinsapo o magnolis. En el Jard\u00edn de Santos se encuentra, entre parterres y miradores, un laberinto y un estanque.<\/p>\n<p><strong>Horario para visitarlo:<\/strong><\/p>\n<p>Horario de verano\u00a0\u00a0\u00a0\u00a0\u00a0\u00a0\u00a0\u00a0\u00a0\u00a0\u00a0\u00a0\u00a0\u00a0\u00a0\u00a0\u00a0\u00a0\u00a0\u00a0\u00a0\u00a0\u00a0\u00a0\u00a0\u00a0\u00a0\u00a0\u00a0\u00a0\u00a0\u00a0\u00a0\u00a0\u00a0\u00a0\u00a0\u00a0\u00a0\u00a0\u00a0\u00a0\u00a0\u00a0\u00a0\u00a0\u00a0\u00a0\u00a0\u00a0\u00a0\u00a0\u00a0\u00a0\u00a0\u00a0\u00a0\u00a0\u00a0\u00a0\u00a0\u00a0\u00a0\u00a0\u00a0\u00a0\u00a0\u00a0\u00a0\u00a0\u00a0\u00a0\u00a0\u00a0Horario de Invierno<\/p>\n<p>(hasta 30 de Octubre)\u00a0\u00a0\u00a0\u00a0\u00a0\u00a0\u00a0\u00a0\u00a0\u00a0\u00a0\u00a0\u00a0\u00a0\u00a0\u00a0\u00a0\u00a0\u00a0\u00a0\u00a0\u00a0\u00a0\u00a0\u00a0\u00a0\u00a0\u00a0\u00a0\u00a0\u00a0\u00a0\u00a0\u00a0\u00a0\u00a0\u00a0\u00a0\u00a0\u00a0\u00a0\u00a0\u00a0\u00a0\u00a0\u00a0\u00a0\u00a0\u00a0\u00a0\u00a0\u00a0\u00a0\u00a0\u00a0\u00a0\u00a0\u00a0\u00a0\u00a0\u00a0\u00a0\u00a0\u00a0\u00a0\u00a0\u00a0(a partir del 30 de Octubre)<\/p>\n<p>S\u00e1bados, Domingos y Festivos \u00a0 \u00a0 \u00a0 \u00a0 \u00a0 \u00a0 \u00a0 \u00a0 \u00a0 \u00a0 \u00a0 \u00a0 \u00a0 \u00a0 \u00a0 \u00a0 \u00a0 \u00a0 \u00a0 \u00a0 \u00a0 \u00a0 \u00a0 \u00a0 S\u00e1bados, Domingos y Festivos<\/p>\n<p>11:00- 14:00 horas \u00a0 \u00a0 \u00a0 \u00a0 \u00a0 \u00a0 \u00a0 \u00a0 \u00a0 \u00a0 \u00a0 \u00a0 \u00a0 \u00a0 \u00a0 \u00a0 \u00a0 \u00a0 \u00a0 \u00a0 \u00a0 \u00a0 \u00a0 \u00a0 \u00a0 \u00a0 \u00a0 \u00a0 \u00a0 \u00a0 \u00a0 \u00a0 \u00a0 \u00a0 \u00a0 11:00- 14:00 horas<\/p>\n<p>18:00-20:00 horas \u00a0 \u00a0 \u00a0 \u00a0 \u00a0 \u00a0 \u00a0 \u00a0 \u00a0 \u00a0 \u00a0 \u00a0 \u00a0 \u00a0 \u00a0 \u00a0 \u00a0 \u00a0 \u00a0 \u00a0 \u00a0 \u00a0 \u00a0 \u00a0 \u00a0 \u00a0 \u00a0 \u00a0 \u00a0 \u00a0 \u00a0 \u00a0 \u00a0 \u00a0 \u00a0 16:00-18:00 horas<\/p>\n<p><strong>Ruta fitoclim\u00e1tica en el barranco de Aladrach<\/strong><\/p>\n<p>La ruta fitoclim\u00e1tica es un magn\u00edfico instrumento de interpretaci\u00f3n ambiental para conocer los efectos del cambio clim\u00e1tico sobre la vegetaci\u00f3n.<\/p>\n<p>La ruta empieza en el paseo de cipreses, a la salida del pueblo de Pen\u00e0guila, y discurre por el sombr\u00edo del barranco de Aladrach hasta desembocar, de nuevo, en el paseo de cipreses cerca de la entrada del Jard\u00edn de Santos, despu\u00e9s de un paseo de 45 minutos.<\/p>\n<p>A lo largo de esta se ha recreado y favorecido las comunidades vegetales con los clases m\u00e1s adaptados a determinados cambios fitoclim\u00e1ticamente trascendentales. Recorrer la ruta fitoclim\u00e1tica brinda una ocasi\u00f3n para meditar sobre el hecho de que la vegetaci\u00f3n que nos rodea no es inmutable y que el cambio clim\u00e1tico es un factor que lo alterar\u00e1 y la convertir\u00e1 en alg\u00fan de los paisajes mostrados en la ruta.<\/p>\n<p>[\/et_pb_text][\/et_pb_column][\/et_pb_row][\/et_pb_section]<\/p>\n","protected":false},"excerpt":{"rendered":"<p>No se conocen detalles hist\u00f3ricos concretos de la historia del jard\u00edn, que fue hecho durante la segunda mitad del siglo XIX por Joaquim Rico (terrateniente del pueblo y hombre culto, con grandes conocimientos bot\u00e1nicos y amigo del pintor Cabrera) en una finca r\u00fastica que pose\u00eda esta familia ya desde finales del siglo XVIII, finca que [&hellip;]<\/p>\n","protected":false},"author":1,"featured_media":0,"parent":0,"menu_order":0,"comment_status":"closed","ping_status":"closed","template":"","meta":{"_et_pb_use_builder":"on","_et_pb_old_content":"","_et_gb_content_width":"","footnotes":""},"class_list":["post-242","page","type-page","status-publish","hentry"],"_links":{"self":[{"href":"https:\/\/glomeco.es\/casadelsmestres\/wp-json\/wp\/v2\/pages\/242","targetHints":{"allow":["GET"]}}],"collection":[{"href":"https:\/\/glomeco.es\/casadelsmestres\/wp-json\/wp\/v2\/pages"}],"about":[{"href":"https:\/\/glomeco.es\/casadelsmestres\/wp-json\/wp\/v2\/types\/page"}],"author":[{"embeddable":true,"href":"https:\/\/glomeco.es\/casadelsmestres\/wp-json\/wp\/v2\/users\/1"}],"replies":[{"embeddable":true,"href":"https:\/\/glomeco.es\/casadelsmestres\/wp-json\/wp\/v2\/comments?post=242"}],"version-history":[{"count":3,"href":"https:\/\/glomeco.es\/casadelsmestres\/wp-json\/wp\/v2\/pages\/242\/revisions"}],"predecessor-version":[{"id":248,"href":"https:\/\/glomeco.es\/casadelsmestres\/wp-json\/wp\/v2\/pages\/242\/revisions\/248"}],"wp:attachment":[{"href":"https:\/\/glomeco.es\/casadelsmestres\/wp-json\/wp\/v2\/media?parent=242"}],"curies":[{"name":"wp","href":"https:\/\/api.w.org\/{rel}","templated":true}]}}