{"id":232,"date":"2022-03-10T07:11:33","date_gmt":"2022-03-10T07:11:33","guid":{"rendered":"https:\/\/glomeco.es\/casadelsmestres\/?page_id=232"},"modified":"2022-03-10T07:11:36","modified_gmt":"2022-03-10T07:11:36","slug":"el-castell-de-guadalest","status":"publish","type":"page","link":"https:\/\/glomeco.es\/casadelsmestres\/el-castell-de-guadalest\/","title":{"rendered":"El Castell de Guadalest"},"content":{"rendered":"<p>[et_pb_section fb_built=\u00bb1&#8243; _builder_version=\u00bb4.14.8&#8243; _module_preset=\u00bbdefault\u00bb global_colors_info=\u00bb{}\u00bb theme_builder_area=\u00bbpost_content\u00bb][et_pb_row _builder_version=\u00bb4.14.8&#8243; _module_preset=\u00bbdefault\u00bb global_colors_info=\u00bb{}\u00bb theme_builder_area=\u00bbpost_content\u00bb][et_pb_column type=\u00bb4_4&#8243; _builder_version=\u00bb4.14.8&#8243; _module_preset=\u00bbdefault\u00bb global_colors_info=\u00bb{}\u00bb theme_builder_area=\u00bbpost_content\u00bb][et_pb_image src=\u00bbhttps:\/\/glomeco.es\/casadelsmestres\/wp-content\/uploads\/2022\/03\/castillo-guadalest.jpg\u00bb title_text=\u00bbcastillo-guadalest\u00bb align=\u00bbcenter\u00bb force_fullwidth=\u00bbon\u00bb _builder_version=\u00bb4.14.8&#8243; _module_preset=\u00bbdefault\u00bb hover_enabled=\u00bb0&#8243; global_colors_info=\u00bb{}\u00bb theme_builder_area=\u00bbpost_content\u00bb sticky_enabled=\u00bb0&#8243;][\/et_pb_image][et_pb_text _builder_version=\u00bb4.14.8&#8243; _module_preset=\u00bbdefault\u00bb hover_enabled=\u00bb0&#8243; global_colors_info=\u00bb{}\u00bb theme_builder_area=\u00bbpost_content\u00bb sticky_enabled=\u00bb0&#8243;]<\/p>\n<p>Enclavado en el sector septentrional de la Marina Baixa, El Castell de Guadalest\u00a0 consigue que el turismo de la Costa Blanca se vea atra\u00eddo por la evocadora estampa de un pueblo que ha sabido mantener, a trav\u00e9s del tiempo, los rasgos m\u00e1s t\u00edpicos de las poblaciones del interior alicantino.<\/p>\n<p>Situado en lo alto de un pe\u00f1asco a 595 m. de altitud, sus casas encajadas en la roca, dominan un extenso valle, enmarcado por las sierras de Xort\u00e0 y Serrella al norte y la sierra Aitana al sur.\u00a0<\/p>\n<p>El municipio, declarado conjunto hist\u00f3rico-art\u00edstico en 1974, est\u00e1 dividido en dos barrios claramente diferenciados: el del castillo, colgado en lo alto de la pe\u00f1a y protegido por la antigua muralla, conserva todo su sabor medieval; y, el del Arrabal, de creaci\u00f3n posterior, cuando la poblaci\u00f3n aument\u00f3 traslad\u00e1ndose a las faldas de la monta\u00f1a.\u00a0<\/p>\n<p>Al primero de ellos, se accede por un t\u00fanel excavado en la misma roca que sirve de entrada a la poblaci\u00f3n. Encaramado sobre la misma pe\u00f1a, destaca el campanario exento de la iglesia parroquial. A su lado, encontramos los restos de una antigua fortificaci\u00f3n conocida como la Alcozaiba, construida por los antiguos pobladores para defender la villa.<\/p>\n<p>En la zona m\u00e1s elevada del pueblo, se conservan los restos del castillo de San Jos\u00e9 que fue conquistado a los musulmanes por Jaime I y fortificado durante el reinado de Pedro IV. Los terremotos y la Guerra de Sucesi\u00f3n fueron los culpables de su destrucci\u00f3n, aunque en la actualidad quedan en pie varios lienzos de muralla, la cisterna y la torre del homenaje.\u00a0<\/p>\n<p>Ascendiendo por la antigua escalinata que nos lleva al barrio antiguo y despu\u00e9s de flanquear la entrada, nos encontramos ante la casona se\u00f1orial de los Ordu\u00f1a, con su escudo en la puerta. A su lado, se alza la iglesia parroquial de la Asunci\u00f3n de la Virgen, construida en el siglo XVIII.<\/p>\n<p>Merece gran inter\u00e9s el recorrido por la calle principal del pueblo, para admirar la arquitectura de sus casas de una sola planta, blancas y luminosas. Al final de esta calle, en la plaza, se encuentra el edificio del Ayuntamiento que antiguamente fue tambi\u00e9n juzgado y prisi\u00f3n.\u00a0<\/p>\n<p>El barrio del Arrabal, a los pies del castillo, acoge a los numerosos visitantes que se acercan a conocer este m\u00e1gico pueblo del interior.\u00a0<\/p>\n<p>[\/et_pb_text][\/et_pb_column][\/et_pb_row][\/et_pb_section]<\/p>\n","protected":false},"excerpt":{"rendered":"<p>Enclavado en el sector septentrional de la Marina Baixa, El Castell de Guadalest\u00a0 consigue que el turismo de la Costa Blanca se vea atra\u00eddo por la evocadora estampa de un pueblo que ha sabido mantener, a trav\u00e9s del tiempo, los rasgos m\u00e1s t\u00edpicos de las poblaciones del interior alicantino. Situado en lo alto de un [&hellip;]<\/p>\n","protected":false},"author":1,"featured_media":0,"parent":0,"menu_order":0,"comment_status":"closed","ping_status":"closed","template":"","meta":{"_et_pb_use_builder":"on","_et_pb_old_content":"","_et_gb_content_width":"","footnotes":""},"class_list":["post-232","page","type-page","status-publish","hentry"],"_links":{"self":[{"href":"https:\/\/glomeco.es\/casadelsmestres\/wp-json\/wp\/v2\/pages\/232","targetHints":{"allow":["GET"]}}],"collection":[{"href":"https:\/\/glomeco.es\/casadelsmestres\/wp-json\/wp\/v2\/pages"}],"about":[{"href":"https:\/\/glomeco.es\/casadelsmestres\/wp-json\/wp\/v2\/types\/page"}],"author":[{"embeddable":true,"href":"https:\/\/glomeco.es\/casadelsmestres\/wp-json\/wp\/v2\/users\/1"}],"replies":[{"embeddable":true,"href":"https:\/\/glomeco.es\/casadelsmestres\/wp-json\/wp\/v2\/comments?post=232"}],"version-history":[{"count":2,"href":"https:\/\/glomeco.es\/casadelsmestres\/wp-json\/wp\/v2\/pages\/232\/revisions"}],"predecessor-version":[{"id":237,"href":"https:\/\/glomeco.es\/casadelsmestres\/wp-json\/wp\/v2\/pages\/232\/revisions\/237"}],"wp:attachment":[{"href":"https:\/\/glomeco.es\/casadelsmestres\/wp-json\/wp\/v2\/media?parent=232"}],"curies":[{"name":"wp","href":"https:\/\/api.w.org\/{rel}","templated":true}]}}