{"id":220,"date":"2022-03-10T07:03:16","date_gmt":"2022-03-10T07:03:16","guid":{"rendered":"https:\/\/glomeco.es\/casadelsmestres\/?page_id=220"},"modified":"2022-03-10T07:06:35","modified_gmt":"2022-03-10T07:06:35","slug":"excursion-a-ares","status":"publish","type":"page","link":"https:\/\/glomeco.es\/casadelsmestres\/excursion-a-ares\/","title":{"rendered":"Excursi\u00f3n a Ares"},"content":{"rendered":"<p>[et_pb_section fb_built=\u00bb1&#8243; _builder_version=\u00bb4.14.8&#8243; _module_preset=\u00bbdefault\u00bb global_colors_info=\u00bb{}\u00bb][et_pb_row _builder_version=\u00bb4.14.8&#8243; _module_preset=\u00bbdefault\u00bb global_colors_info=\u00bb{}\u00bb][et_pb_column type=\u00bb4_4&#8243; _builder_version=\u00bb4.14.8&#8243; _module_preset=\u00bbdefault\u00bb global_colors_info=\u00bb{}\u00bb][et_pb_image _builder_version=\u00bb4.14.8&#8243; _module_preset=\u00bbdefault\u00bb title_text=\u00bbares\u00bb src=\u00bbhttps:\/\/glomeco.es\/casadelsmestres\/wp-content\/uploads\/2022\/03\/ares.jpg\u00bb align=\u00bbcenter\u00bb force_fullwidth=\u00bbon\u00bb hover_enabled=\u00bb0&#8243; sticky_enabled=\u00bb0&#8243;][\/et_pb_image][et_pb_text _builder_version=\u00bb4.14.8&#8243; _module_preset=\u00bbdefault\u00bb global_colors_info=\u00bb{}\u00bb]<\/p>\n<p>L&#8217;excursi\u00f3 que et proposem \u00e9s molt senzilla i curta. Si deixes el cotxe\u00a0a prop\u00a0de les primeres cases d&#8217;Ares, no t&#8217;aconselle seguir m\u00e9s endins, per l&#8217;estretor, segueixes\u00a0caminant\u00a0cap a l&#8217;nterior\u00a0del poble\u00a0i\u00a0agafes\u00a0el primer\u00a0carrer a l&#8217;esquerra, un carrer molt empinat, que\u00a0et\u00a0porta\u00a0fins la piscina\u00a0i el llavador, all\u00ed \u00e9s possible que trobes alguns cotxes per\u00f2 no \u00e9s aconsellable aparcar per a alg\u00fa de fora, des d&#8217;aquest punt s&#8217;inicia una pista forestal que s&#8217;endinsa en la vall del riu fins el seu naixement, no hi haur\u00e0 m\u00e9s de tres quil\u00f2metres o aix\u00ed, no hi ha bifurcacions rellevants i no t\u00e9 p\u00e8rdua.<\/p>\n<p>Darrerament i degut als incendis forestals, sobretot en estiu \u00e9s un lloc sec, encara que la pista segueix el riu, aconselle visitar el riu en un lloc on hi ha un senyal de perill en mal estat\u00a0degut a trets d&#8217;escopeta i un poste de la llum en des\u00fas. Si et desvies un poc a l&#8217;esquerra i baixes al riu podr\u00e0s vore un antic pont de pedra i amb sort, segons l\u2019\u00e8poca de l\u2019any, el riu amb bastant aigua i cascadetes, malgrat\u00a0l&#8217;exessiva explotaci\u00f3\u00a0que ha patit darrerament. El m\u00e9s complicat de l\u2019excursi\u00f3 \u00e9s trobar el naixement, ja que s\u2019han constru\u00eft algunes casetes i la font original es troba dins d&#8217;una d\u2019elles, normalment els amos no estan i tampoc solen posar entrebancs que travesses la seua propietat per tal d&#8217;anar a buscar el naixement. La veritat \u00e9s que no us puc ajudar amb aix\u00f2 doncs no recorde refer\u00e8ncies exactes, ja fa temps que no hi puge.<\/p>\n<p>Al tornar pel cam\u00ed cap al poble i uns 200 metres abans de tornar al llavador, podeu agafar a la dreta un cam\u00ed de formig\u00f3 que porta a la carretera, la creua i segueix fins el que diuen el despoblat morisc. Cap problema, bones vistes des de l&#8217;antiga era i poc m\u00e9s, si continueu podeu acostar-vos a les faldes de la Serrella i entre bancals d\u2019ametllers i oliveres. Tornar pel mateix cam\u00ed i tornar al cotxe \u00e9s ben senzill, intentar seguir cap al poble per un altre cam\u00ed, encara que a vista ens semble f\u00e0cil, no ho \u00e9s.<\/p>\n<p>Recordeu que al poble no hi ha bar, ni restaurant, ni cap servei, l&#8217;aigua l&#8217;heu de dur vosaltres o agafar-la de la font del llavador, si no l&#8217;han tancada els regants. Pels voltants hi ha bars i restaurants a Benasau, Alcoleja i Confrides. Normalment el diumenge cal reservar.<\/p>\n<p>[\/et_pb_text][\/et_pb_column][\/et_pb_row][\/et_pb_section]<\/p>\n","protected":false},"excerpt":{"rendered":"<p>L&#8217;excursi\u00f3 que et proposem \u00e9s molt senzilla i curta. Si deixes el cotxe\u00a0a prop\u00a0de les primeres cases d&#8217;Ares, no t&#8217;aconselle seguir m\u00e9s endins, per l&#8217;estretor, segueixes\u00a0caminant\u00a0cap a l&#8217;nterior\u00a0del poble\u00a0i\u00a0agafes\u00a0el primer\u00a0carrer a l&#8217;esquerra, un carrer molt empinat, que\u00a0et\u00a0porta\u00a0fins la piscina\u00a0i el llavador, all\u00ed \u00e9s possible que trobes alguns cotxes per\u00f2 no \u00e9s aconsellable aparcar per a [&hellip;]<\/p>\n","protected":false},"author":1,"featured_media":0,"parent":0,"menu_order":0,"comment_status":"closed","ping_status":"closed","template":"","meta":{"_et_pb_use_builder":"on","_et_pb_old_content":"","_et_gb_content_width":"","footnotes":""},"class_list":["post-220","page","type-page","status-publish","hentry"],"_links":{"self":[{"href":"https:\/\/glomeco.es\/casadelsmestres\/wp-json\/wp\/v2\/pages\/220","targetHints":{"allow":["GET"]}}],"collection":[{"href":"https:\/\/glomeco.es\/casadelsmestres\/wp-json\/wp\/v2\/pages"}],"about":[{"href":"https:\/\/glomeco.es\/casadelsmestres\/wp-json\/wp\/v2\/types\/page"}],"author":[{"embeddable":true,"href":"https:\/\/glomeco.es\/casadelsmestres\/wp-json\/wp\/v2\/users\/1"}],"replies":[{"embeddable":true,"href":"https:\/\/glomeco.es\/casadelsmestres\/wp-json\/wp\/v2\/comments?post=220"}],"version-history":[{"count":3,"href":"https:\/\/glomeco.es\/casadelsmestres\/wp-json\/wp\/v2\/pages\/220\/revisions"}],"predecessor-version":[{"id":226,"href":"https:\/\/glomeco.es\/casadelsmestres\/wp-json\/wp\/v2\/pages\/220\/revisions\/226"}],"wp:attachment":[{"href":"https:\/\/glomeco.es\/casadelsmestres\/wp-json\/wp\/v2\/media?parent=220"}],"curies":[{"name":"wp","href":"https:\/\/api.w.org\/{rel}","templated":true}]}}