{"id":104,"date":"2022-03-09T14:16:29","date_gmt":"2022-03-09T14:16:29","guid":{"rendered":"https:\/\/glomeco.es\/casadelsmestres\/?page_id=104"},"modified":"2022-10-21T10:54:24","modified_gmt":"2022-10-21T10:54:24","slug":"servicios","status":"publish","type":"page","link":"https:\/\/glomeco.es\/casadelsmestres\/servicios\/","title":{"rendered":"Servicios"},"content":{"rendered":"<p>[et_pb_section fb_built=\u00bb1&#8243; _builder_version=\u00bb4.16&#8243; _module_preset=\u00bbdefault\u00bb global_colors_info=\u00bb{}\u00bb][et_pb_row column_structure=\u00bb2_5,3_5&#8243; use_custom_gutter=\u00bbon\u00bb gutter_width=\u00bb2&#8243; _builder_version=\u00bb4.16&#8243; _module_preset=\u00bbdefault\u00bb global_colors_info=\u00bb{}\u00bb][et_pb_column type=\u00bb2_5&#8243; _builder_version=\u00bb4.16&#8243; _module_preset=\u00bbdefault\u00bb global_colors_info=\u00bb{}\u00bb][et_pb_image src=\u00bbhttps:\/\/glomeco.es\/casadelsmestres\/wp-content\/uploads\/2022\/03\/serv1.jpg\u00bb title_text=\u00bbserv1&#8243; align=\u00bbcenter\u00bb force_fullwidth=\u00bbon\u00bb _builder_version=\u00bb4.16&#8243; _module_preset=\u00bbdefault\u00bb border_radii=\u00bbon|8px|8px|8px|8px\u00bb global_colors_info=\u00bb{}\u00bb][\/et_pb_image][et_pb_image src=\u00bbhttps:\/\/glomeco.es\/casadelsmestres\/wp-content\/uploads\/2022\/03\/serv2.jpg\u00bb title_text=\u00bbserv2&#8243; align=\u00bbcenter\u00bb force_fullwidth=\u00bbon\u00bb _builder_version=\u00bb4.16&#8243; _module_preset=\u00bbdefault\u00bb border_radii=\u00bbon|8px|8px|8px|8px\u00bb global_colors_info=\u00bb{}\u00bb][\/et_pb_image][et_pb_image src=\u00bbhttps:\/\/glomeco.es\/casadelsmestres\/wp-content\/uploads\/2022\/03\/serv3.jpg\u00bb title_text=\u00bbserv3&#8243; align=\u00bbcenter\u00bb force_fullwidth=\u00bbon\u00bb _builder_version=\u00bb4.16&#8243; _module_preset=\u00bbdefault\u00bb border_radii=\u00bbon|8px|8px|8px|8px\u00bb global_colors_info=\u00bb{}\u00bb][\/et_pb_image][\/et_pb_column][et_pb_column type=\u00bb3_5&#8243; _builder_version=\u00bb4.16&#8243; _module_preset=\u00bbdefault\u00bb global_colors_info=\u00bb{}\u00bb][et_pb_text admin_label=\u00bbCaracter\u00edsticas y servicios\u00bb _builder_version=\u00bb4.18.0&#8243; _module_preset=\u00bbdefault\u00bb global_colors_info=\u00bb{}\u00bb]<\/p>\n<h3><strong>Caracter\u00edsticas y servicios<\/strong><\/h3>\n<p>[\/et_pb_text][et_pb_text _builder_version=\u00bb4.18.0&#8243; _module_preset=\u00bbdefault\u00bb hover_enabled=\u00bb0&#8243; global_colors_info=\u00bb{}\u00bb sticky_enabled=\u00bb0&#8243;]<\/p>\n<ul id=\"listado\">\n<li>La Piscina Municipal m\u00e1s pr\u00f3xima est\u00e1 en Benassau a 2 km. con bar, zonas de jardines y parque dentro y fuera de la pisicina y zona deportiva.<\/li>\n<li>En los precios queda incluida la le\u00f1a, pastillas para encenderla, 1 limpieza de toda la casa antes de la entrada, toallas limpias, papel higi\u00e9nico, estufas extras a las que hay en los dormitorios, electrodom\u00e9sticos como cafetera italiana, tostadora, horno, microondas, batidora.<\/li>\n<li>Hay televisores en todos los dormitorios, sof\u00e1s y algunos colchones y canapes nuevos puestos en el 2021.<\/li>\n<li>La segunda planta est\u00e1 recien reformada en el 2021, se ha puesto en los dormitorios techos con pladur y paneles de lana de roca para mejorar el aislamiento t\u00e9rmico y en el 2022 se ha reformado y mejorado el tejado.<\/li>\n<li>En Nochevieja las condiciones estandar es m\u00ednimo 3 noches a elegir entre los d\u00edas 29,30, 31 Diciembre y 1 de Diciembre, 9 personas m\u00ednimo y m\u00e1ximo 10.<\/li>\n<li>Tenemos una cuna disponible.<\/li>\n<li>Estufa de le\u00f1a.<\/li>\n<li>Barbacoa.<\/li>\n<li>Terraza.<\/li>\n<li>Calefacci\u00f3n.<\/li>\n<li>Cocina.<\/li>\n<li>Comedor.<\/li>\n<li>Sala de estar.<\/li>\n<li>Televisi\u00f3n.<\/li>\n<li>wifi.<\/li>\n<\/ul>\n<p>[\/et_pb_text][\/et_pb_column][\/et_pb_row][\/et_pb_section]<\/p>\n","protected":false},"excerpt":{"rendered":"<p>Caracter\u00edsticas y servicios La Piscina Municipal m\u00e1s pr\u00f3xima est\u00e1 en Benassau a 2 km. con bar, zonas de jardines y parque dentro y fuera de la pisicina y zona deportiva. En los precios queda incluida la le\u00f1a, pastillas para encenderla, 1 limpieza de toda la casa antes de la entrada, toallas limpias, papel higi\u00e9nico, estufas [&hellip;]<\/p>\n","protected":false},"author":1,"featured_media":0,"parent":0,"menu_order":0,"comment_status":"closed","ping_status":"closed","template":"","meta":{"_et_pb_use_builder":"on","_et_pb_old_content":"","_et_gb_content_width":"","footnotes":""},"class_list":["post-104","page","type-page","status-publish","hentry"],"_links":{"self":[{"href":"https:\/\/glomeco.es\/casadelsmestres\/wp-json\/wp\/v2\/pages\/104","targetHints":{"allow":["GET"]}}],"collection":[{"href":"https:\/\/glomeco.es\/casadelsmestres\/wp-json\/wp\/v2\/pages"}],"about":[{"href":"https:\/\/glomeco.es\/casadelsmestres\/wp-json\/wp\/v2\/types\/page"}],"author":[{"embeddable":true,"href":"https:\/\/glomeco.es\/casadelsmestres\/wp-json\/wp\/v2\/users\/1"}],"replies":[{"embeddable":true,"href":"https:\/\/glomeco.es\/casadelsmestres\/wp-json\/wp\/v2\/comments?post=104"}],"version-history":[{"count":9,"href":"https:\/\/glomeco.es\/casadelsmestres\/wp-json\/wp\/v2\/pages\/104\/revisions"}],"predecessor-version":[{"id":378,"href":"https:\/\/glomeco.es\/casadelsmestres\/wp-json\/wp\/v2\/pages\/104\/revisions\/378"}],"wp:attachment":[{"href":"https:\/\/glomeco.es\/casadelsmestres\/wp-json\/wp\/v2\/media?parent=104"}],"curies":[{"name":"wp","href":"https:\/\/api.w.org\/{rel}","templated":true}]}}